{"id":201,"date":"2023-08-14T10:36:58","date_gmt":"2023-08-14T15:36:58","guid":{"rendered":"https:\/\/students.austincc.edu\/ascender\/?page_id=201"},"modified":"2024-04-24T15:31:29","modified_gmt":"2024-04-24T20:31:29","slug":"en-espanol","status":"publish","type":"page","link":"https:\/\/students.austincc.edu\/ascender\/en-espanol\/","title":{"rendered":"En Espa\u00f1ol"},"content":{"rendered":"<h2 class=\"wp-block-heading\">Un camino emocionante para obtener tu t\u00edtulo.<\/h2>\n<h2 class=\"wp-block-heading\">\u00a1\u00danete a nuestra Familia!<\/h2>\n<p>Crea amistades y celebra la cultura con Ascender. Nuestro programa es gratuito y est\u00e1 dise\u00f1ado para todos los estudiantes de primer a\u00f1o de Austin Community College que deseen obtener un bachelor &#8216;s degree. Aqu\u00ed te preparar\u00e1s para transferirte a una Universidad de 4 a\u00f1os y lo har\u00e1s acompa\u00f1ado de un grupo de compa\u00f1eros con los que tomar\u00e1s clases, un mentor quien proveer\u00e1 gu\u00eda personalizada, eventos familiares, \u00a1y mucho m\u00e1s!<\/p>\n<p>Si est\u00e1s interesado en inscribirte, por favor llena nuestro formulario a continuaci\u00f3n.<\/p>\n<div class=\"wp-block-buttons is-layout-flex wp-block-buttons-is-layout-flex\">\n<div class=\"wp-block-button\"><a class=\"wp-block-button__link wp-element-button\" href=\"https:\/\/forms.gle\/wDr8jgLcpyN1aLbU6\" style=\"border-radius:0px\" target=\"_blank\" rel=\"noreferrer noopener\"> Formulario de Inter\u00e9s<\/a><\/div>\n<\/div>\n<h2 class=\"wp-block-heading\">\u00bfPor qu\u00e9 unirse a Ascender?<\/h2>\n<p>Escucha a los estudiantes de ACC hablar sobre sus mentores, eventos, clases en Ascender y c\u00f3mo el programa les ayud\u00f3 a alcanzar sus metas compartir su experiencia general, su viaje acad\u00e9mico dentro de Ascender, \u00a1Y el por qu\u00e9 deber\u00edas considerar unirte!<\/p>\n<h2 class=\"wp-block-heading\">\u00bfC\u00f3mo funciona Ascender?<\/h2>\n<p>Como miembro de Ascender, se te ser\u00e1 asignado un grupo (o comunidad de aprendizaje) en funci\u00f3n a tu formaci\u00f3n acad\u00e9mica. Estos grupos tomar\u00e1n las clases mandatorias de Ascender durante sus dos primeros semestres universitarios en ACC.<\/p>\n<p>Al final de a\u00f1o, una vez completadas tus clases y el programa, continuar\u00e1s teniendo acceso a los beneficios de Ascender y podr\u00e1s mantenerlos hasta que obtengas un grado asociado de ACC y\/o te transfieras exitosamente a una universidad de cuatro a\u00f1os.<\/p>\n<p><strong>Los beneficios incluyen:<\/strong><\/p>\n<ul class=\"wp-block-list\">\n<li>Capacitaci\u00f3n en liderazgo<\/li>\n<li>Oportunidades de mentoria<\/li>\n<li>Oportunidades de pr\u00e1cticas laborales y trabajo<\/li>\n<li>Tours por universidades<\/li>\n<li>Conferencias y seminarios<\/li>\n<li>Celebraciones culturales<\/li>\n<\/ul>\n<h2 class=\"wp-block-heading\">\u00bfQu\u00e9 es un mentor?<\/h2>\n<p>Un mentor es una persona que ofrece orientaci\u00f3n, consejo y apoyo a alguien con menos experiencia o conocimientos en un \u00e1rea concreta. Esta persona, a trav\u00e9s de experiencia propia, proporciona retroalimentaci\u00f3n para ayudar al alumno a alcanzar sus objetivos.<\/p>\n<p>Para Ascender es importante que cada uno de nuestros estudiantes cuenten con esta gu\u00eda, y es por eso que nuestros mentores son capacitados y cuidadosamente asignados al alumno de acuerdo a las similitudes que tengan en su formaci\u00f3n, experiencia y \u00e1reas de especializaci\u00f3n.<\/p>\n<p>Nuestros mentores ofrecen desde orientaci\u00f3n acad\u00e9mica y t\u00e9cnicas de estudio, hasta gu\u00eda en c\u00f3mo establecer contactos o afrontar los retos de la vida universitaria.<\/p>\n<p>\u00a1Si deseas las mejores posibilidades de \u00e9xito, considera la posibilidad de inscribirte en nuestro programa hoy mismo!<\/p>\n<h2 class=\"wp-block-heading\">\u00bfC\u00f3mo unirse?<\/h2>\n<p>Ascender acepta solicitudes de todos los estudiantes universitarios de primer a\u00f1o. Los estudiantes de todas las \u00e1reas de estudio son bienvenidos. Sigue estos pasos:<\/p>\n<ul class=\"wp-block-list\">\n<li>Completa la solicitud de ACC y reciba una carta de aceptaci\u00f3n.<\/li>\n<li>Completa el Formulario de Inter\u00e9s Estudiantil de Ascender.<\/li>\n<li>Complete una entrevista con un asesor de Ascender.<\/li>\n<\/ul>\n<p>Si es admitido en el programa, el estudiante debe aceptar participar en todos los eventos de Ascender.<\/p>\n<p>\u00bfTiene preguntas? Env\u00ede un correo electr\u00f3nico a <a href=\"mailto:ascender@austincc.edu\" target=\"_blank\" rel=\"noreferrer noopener\">ascender@austincc.edu<\/a>.<\/p>\n<h2 class=\"wp-block-heading\">Consejos para los padres con hijos que comenzar\u00e1n el colegio:<\/h2>\n<p><div class=\"list\"><p class=\"trigger\"><a href=\"#\">Realicen juntos el proceso de admisi\u00f3n a ACC.<\/a><\/p><div class=\"toggle_container\"><div class=\"block\"><\/p>\n<p><a href=\"https:\/\/admissions.austincc.edu\/new-student-application\/?_gl=1*v8w57u*_ga*NDYzMjkzNjkzLjE2NjYwMTUwMjE.*_ga_WCRFYXY5XT*MTY5MjAyNDg3MC4yMjkuMS4xNjkyMDI3MzU0LjU4LjAuMA..\" data-type=\"URL\" data-id=\"https:\/\/admissions.austincc.edu\/new-student-application\/?_gl=1*v8w57u*_ga*NDYzMjkzNjkzLjE2NjYwMTUwMjE.*_ga_WCRFYXY5XT*MTY5MjAyNDg3MC4yMjkuMS4xNjkyMDI3MzU0LjU4LjAuMA..\" target=\"_blank\" rel=\"noreferrer noopener\">Cont\u00e1ctese con admisiones<\/a> y obtengan los pasos a seguir. Realicen por su parte una lista con la documentaci\u00f3n requerida para el proceso, fechas l\u00edmite para enviarlos, contacto al que puede comunicarse si surgen dudas y costos de materias.<\/p>\n<p><\/div><\/div><\/div><\/p>\n<p><div class=\"list\"><p class=\"trigger\"><a href=\"#\">Hagan un plan financiero.<\/a><\/p><div class=\"toggle_container\"><div class=\"block\"><\/p>\n<p>La clave para combatir los problemas econ\u00f3micos es aclarar la situaci\u00f3n financiera. Si\u00e9ntese con su hijo e ideen juntos un plan. Redacten un presupuesto y, establezcan objetivos tangibles o pr\u00f3ximos pasos a seguir.<\/p>\n<p>Inf\u00f3rmese sobre las <a href=\"https:\/\/students.austincc.edu\/financial-aid\/\" data-type=\"URL\" data-id=\"https:\/\/students.austincc.edu\/financial-aid\/\" target=\"_blank\" rel=\"noreferrer noopener\">oportunidades financieras<\/a> como el FAFSA, TASFA y becas disponibles. Puede crear una lista con las fechas de aplicaci\u00f3n y cierre, as\u00ed no perder\u00e1 la oportunidad de obtener estos apoyos.<\/p>\n<p><\/div><\/div><\/div><\/p>\n<p><div class=\"list\"><p class=\"trigger\"><a href=\"#\">Aliente al estudiante a ponerse en contacto con su asesor acad\u00e9mico.<\/a><\/p><div class=\"toggle_container\"><div class=\"block\"><\/p>\n<p>Ascender asigna un asesor acad\u00e9mico quien ayuda a elegir cursos que sean transferibles y est\u00e9n alineados con su trayectoria acad\u00e9mica. Siempre es una buena idea animar al estudiante a ponerse en contacto con \u00e9l desde el principio y con frecuencia, evitando tomar cursos que no necesita, ahorrando tiempo y dinero.<\/p>\n<p><\/div><\/div><\/div><\/p>\n<p><div class=\"list\"><p class=\"trigger\"><a href=\"#\">Motive a su hijo a asistir a eventos organizados por Ascender y la universidad.<\/a><\/p><div class=\"toggle_container\"><div class=\"block\"><\/p>\n<p>Involucrarse en la comunidad no s\u00f3lo aporta grandes oportunidades sino que tambi\u00e9n brinda un soporte emocional y acad\u00e9mico para el estudiante creando un sentido de pertenencia.<\/p>\n<p><\/div><\/div><\/div><\/p>\n<p><div class=\"list\"><p class=\"trigger\"><a href=\"#\">Ofrezca apoyo positivo.<\/a><\/p><div class=\"toggle_container\"><div class=\"block\"><\/p>\n<p>El College y la Universidad son grandes retos para los estudiantes donde se ven constantemente enfrentando nuevos y mayores retos. Es por eso que mostrar compasi\u00f3n y ofrecer apoyo emocional siempre es de gran ayuda. No s\u00f3lo se desenvolver\u00e1 mejor en sus clases, sino que tambi\u00e9n se convertir\u00e1n en profesionales que brinden un mejor servicio a la comunidad y a la humanidad.<\/p>\n<p><\/div><\/div><\/div><\/p>\n","protected":false},"excerpt":{"rendered":"<p>Un camino emocionante para obtener tu t\u00edtulo. \u00a1\u00danete a nuestra Familia! Crea amistades y celebra la cultura con Ascender. Nuestro programa es gratuito y est\u00e1 dise\u00f1ado para todos los estudiantes de primer a\u00f1o de Austin &hellip; <a href=\"https:\/\/students.austincc.edu\/ascender\/en-espanol\/\">Continue reading <span class=\"meta-nav\">&rarr;<\/span><\/a><\/p>\n","protected":false},"author":3,"featured_media":0,"parent":0,"menu_order":0,"comment_status":"closed","ping_status":"closed","template":"","meta":{"footnotes":""},"class_list":["post-201","page","type-page","status-publish","hentry"],"_links":{"self":[{"href":"https:\/\/students.austincc.edu\/ascender\/wp-json\/wp\/v2\/pages\/201","targetHints":{"allow":["GET"]}}],"collection":[{"href":"https:\/\/students.austincc.edu\/ascender\/wp-json\/wp\/v2\/pages"}],"about":[{"href":"https:\/\/students.austincc.edu\/ascender\/wp-json\/wp\/v2\/types\/page"}],"author":[{"embeddable":true,"href":"https:\/\/students.austincc.edu\/ascender\/wp-json\/wp\/v2\/users\/3"}],"replies":[{"embeddable":true,"href":"https:\/\/students.austincc.edu\/ascender\/wp-json\/wp\/v2\/comments?post=201"}],"version-history":[{"count":0,"href":"https:\/\/students.austincc.edu\/ascender\/wp-json\/wp\/v2\/pages\/201\/revisions"}],"wp:attachment":[{"href":"https:\/\/students.austincc.edu\/ascender\/wp-json\/wp\/v2\/media?parent=201"}],"curies":[{"name":"wp","href":"https:\/\/api.w.org\/{rel}","templated":true}]}}