{"id":24,"date":"2022-05-24T19:01:02","date_gmt":"2022-05-24T19:01:02","guid":{"rendered":"https:\/\/students.austincc.edu\/financial-aid\/?page_id=24"},"modified":"2024-12-08T20:25:03","modified_gmt":"2024-12-08T20:25:03","slug":"apply-for-financial-aid","status":"publish","type":"page","link":"https:\/\/students.austincc.edu\/financial-aid\/apply-for-financial-aid\/","title":{"rendered":"Apply for Financial Aid"},"content":{"rendered":"<figure class=\"wp-block-embed is-type-video is-provider-youtube wp-block-embed-youtube wp-embed-aspect-16-9 wp-has-aspect-ratio\">\n<div class=\"wp-block-embed__wrapper\">\n<div class=\"embed-responsive  embed-responsive-16by9\">\n<div class=\"iframe-container\">\n<div class=\"iframe-container\"><iframe loading=\"lazy\" class=\"embed-responsive-item\"   class=\"embed-responsive-item\"   title=\"Financial Aid Steps\" width=\"500\" height=\"281\" src=\"https:\/\/www.youtube.com\/embed\/rv93omArJLg?feature=oembed\" frameborder=\"0\" allow=\"accelerometer; autoplay; clipboard-write; encrypted-media; gyroscope; picture-in-picture; web-share\" referrerpolicy=\"strict-origin-when-cross-origin\" allowfullscreen><\/iframe><\/div>\n<\/div>\n<\/div>\n<\/div><figcaption class=\"wp-element-caption\">Follow these steps to secure your financial aid. You can even watch this <a href=\"https:\/\/www.youtube.com\/watch?v=zN9avhzZtq8\" data-type=\"link\" data-id=\"https:\/\/www.youtube.com\/watch?v=zN9avhzZtq8\" target=\"_blank\" rel=\"noreferrer noopener\">video in Spanish<\/a>. <em><a href=\"https:\/\/www.youtube.com\/watch?v=zN9avhzZtq8\" target=\"_blank\" rel=\"noreferrer noopener\">Este v\u00eddeo est\u00e1 disponible en espa\u00f1ol<\/a>.<\/em><\/figcaption><\/figure>\n<p>Follow the <a href=\"https:\/\/students.austincc.edu\/financial-aid\/apply-for-financial-aid\/financial-aid-steps\/\" data-type=\"page\" data-id=\"30\">financial aid application steps<\/a> to apply for financial aid. <\/p>\n<p>After you successfully complete the application steps, our office will determine your <a href=\"https:\/\/students.austincc.edu\/financial-aid\/apply-for-financial-aid\/eligibility\/\" data-type=\"page\" data-id=\"42\">eligibility for aid<\/a>&nbsp;and notify you of a financial aid offer.<\/p>\n<h3 class=\"wp-block-heading\" id=\"priority-date\">Best Times to Apply<\/h3>\n<p>Begin the FAFSA as soon as possible starting October 1 each year. Some funds are limited, so complete your application by the <a href=\"https:\/\/students.austincc.edu\/financial-aid\/\" data-type=\"link\" data-id=\"https:\/\/students.austincc.edu\/financial-aid\/\">priority date<\/a>.<\/p>\n<p>Students who complete their application after the priority date are still eligible for financial aid but may need to pay their full tuition before the payment due date.&nbsp;You must <a href=\"https:\/\/studentaid.gov\/h\/apply-for-aid\/fafsa\" target=\"_blank\" rel=\"noreferrer noopener\">complete your FAFSA<\/a> before your last day of classes to receive aid for that academic year.<\/p>\n<h3 class=\"wp-block-heading\">Avoid Application Delays<\/h3>\n<p>Check <a href=\"https:\/\/www.austincc.edu\/accmail\">ACCmail<\/a>&nbsp;and <a rel=\"noreferrer noopener\" href=\"https:\/\/selfservice.austincc.edu\/Student\/FinancialAid\/Home\" target=\"_blank\">Self-Service<\/a> for important notices from our office.<\/p>\n","protected":false},"excerpt":{"rendered":"<p>Follow the financial aid application steps to apply for financial aid. After you successfully complete the application steps, our office will determine your eligibility for aid&nbsp;and notify you of a financial aid offer. Best Times &hellip; <a href=\"https:\/\/students.austincc.edu\/financial-aid\/apply-for-financial-aid\/\">Continue reading <span class=\"meta-nav\">&rarr;<\/span><\/a><\/p>\n","protected":false},"author":1,"featured_media":0,"parent":0,"menu_order":-49,"comment_status":"closed","ping_status":"closed","template":"","meta":{"footnotes":""},"class_list":["post-24","page","type-page","status-publish","hentry"],"_links":{"self":[{"href":"https:\/\/students.austincc.edu\/financial-aid\/wp-json\/wp\/v2\/pages\/24","targetHints":{"allow":["GET"]}}],"collection":[{"href":"https:\/\/students.austincc.edu\/financial-aid\/wp-json\/wp\/v2\/pages"}],"about":[{"href":"https:\/\/students.austincc.edu\/financial-aid\/wp-json\/wp\/v2\/types\/page"}],"author":[{"embeddable":true,"href":"https:\/\/students.austincc.edu\/financial-aid\/wp-json\/wp\/v2\/users\/1"}],"replies":[{"embeddable":true,"href":"https:\/\/students.austincc.edu\/financial-aid\/wp-json\/wp\/v2\/comments?post=24"}],"version-history":[{"count":0,"href":"https:\/\/students.austincc.edu\/financial-aid\/wp-json\/wp\/v2\/pages\/24\/revisions"}],"wp:attachment":[{"href":"https:\/\/students.austincc.edu\/financial-aid\/wp-json\/wp\/v2\/media?parent=24"}],"curies":[{"name":"wp","href":"https:\/\/api.w.org\/{rel}","templated":true}]}}