{"id":12,"date":"2023-04-10T13:02:44","date_gmt":"2023-04-10T18:02:44","guid":{"rendered":"https:\/\/students.austincc.edu\/latin-american-cultural-center\/?page_id=12"},"modified":"2025-08-26T14:26:24","modified_gmt":"2025-08-26T19:26:24","slug":"about-us","status":"publish","type":"page","link":"https:\/\/students.austincc.edu\/latin-american-cultural-center\/about-us\/","title":{"rendered":"About Us"},"content":{"rendered":"<p class=\"has-black-color has-text-color\">The Latin American Cultural Center American Studies Center was founded in the summer of 1995 by history professors, Dr. Mariano D\u00edaz-Miranda and Terry Thomas. El Centro, as it is affectionately known, was first established at the Rio Grande campus with Dr. D\u00edaz-Miranda serving as Director and Terry Thomas as Associate Director with the expressed support of Vice President Dr. Steve Kinslow and Dean of Humanities, Margie Huerta. In 1997, El Centro accepted college-wide responsibilities and moved to the Riverside Campus. Since then, the center helped ACC attain status as a Hispanic-Serving Institution, sponsored the Latin American Student Organization (LASO), raised scholarship funds for high school students through the Austin Community Car Show, and held cultural events such as D\u00edes y Seis de Septiembre, D\u00eda de los Muertos, Cinco de Mayo, and D\u00eda de la Familia. Finally, realizing an original vision of the founders, El Centro has acquired the Tijerina Book Collection to establish a learning center for students to achieve success in their academic endeavors.<\/p>\n<p class=\"has-black-color has-text-color\">The purpose of El Centro, from its foundation, has been both community oriented and academic. As stated by Dr. D\u00edaz-Miranda, El Centro is a \u201cportal to help Latino students to come to ACC.\u201d This is done through the recruitment and retention of Latine\/x high school students from the surrounding communities. Academically, El Centro strives to facilitate thoughtful discussions concerning Latine\/x history and culture in the classroom, conferences, round-tables, symposiums, and online venues. We remain committed to facilitating the placement of our students at elite Latin American Studies programs at universities throughout Texas and the rest of the country.<\/p>\n<h2 class=\"wp-block-heading\">Contact Us<\/h2>\n<p>Visit El Centro at the ACC Riverside Campus. <\/p>\n<figure class=\"wp-block-image size-large is-style-default\"><img loading=\"lazy\" decoding=\"async\" width=\"1024\" height=\"779\" src=\"https:\/\/students.austincc.edu\/latin-american-cultural-center\/wp-content\/uploads\/sites\/26\/2025\/08\/El-Centro-Map-Directions-UPDT1--1024x779.png\" alt=\"\" class=\"wp-image-423\" srcset=\"https:\/\/students.austincc.edu\/latin-american-cultural-center\/wp-content\/uploads\/sites\/26\/2025\/08\/El-Centro-Map-Directions-UPDT1--1024x779.png 1024w, https:\/\/students.austincc.edu\/latin-american-cultural-center\/wp-content\/uploads\/sites\/26\/2025\/08\/El-Centro-Map-Directions-UPDT1--300x228.png 300w, https:\/\/students.austincc.edu\/latin-american-cultural-center\/wp-content\/uploads\/sites\/26\/2025\/08\/El-Centro-Map-Directions-UPDT1--768x584.png 768w, https:\/\/students.austincc.edu\/latin-american-cultural-center\/wp-content\/uploads\/sites\/26\/2025\/08\/El-Centro-Map-Directions-UPDT1--1536x1168.png 1536w, https:\/\/students.austincc.edu\/latin-american-cultural-center\/wp-content\/uploads\/sites\/26\/2025\/08\/El-Centro-Map-Directions-UPDT1--150x114.png 150w, https:\/\/students.austincc.edu\/latin-american-cultural-center\/wp-content\/uploads\/sites\/26\/2025\/08\/El-Centro-Map-Directions-UPDT1-.png 1999w\" sizes=\"auto, (max-width: 1024px) 100vw, 1024px\" \/><\/figure>\n<p>E-mail: <a href=\"mailto:elcentro@austincc.edu\">elcentro@austincc.edu<\/a><\/p>\n<p>Follow us on social media! <\/p>\n<p>Instagram @<a href=\"https:\/\/www.instagram.com\/acc.elcentro\/\" data-type=\"link\" data-id=\"https:\/\/www.instagram.com\/acc.elcentro\/\">acc.elcentro<\/a><\/p>\n<p>Facebook: <a href=\"https:\/\/www.facebook.com\/ElCentroACC\/\" data-type=\"link\" data-id=\"https:\/\/www.facebook.com\/ElCentroACC\/\">https:\/\/www.facebook.com\/ElCentroACC\/<\/a><\/p>\n<h2 class=\"wp-block-heading\">El Centro is back!<\/h2>\n<figure class=\"wp-block-embed is-type-video is-provider-youtube wp-block-embed-youtube wp-embed-aspect-16-9 wp-has-aspect-ratio\">\n<div class=\"wp-block-embed__wrapper\">\n<div class=\"embed-responsive  embed-responsive-16by9\">\n<div class=\"iframe-container\">\n<div class=\"iframe-container\"><iframe loading=\"lazy\" class=\"embed-responsive-item\"   class=\"embed-responsive-item\"   title=\"ACC celebrates reopening of Latin American Cultural Center \u2018El Centro\u2019\" width=\"500\" height=\"281\" src=\"https:\/\/www.youtube.com\/embed\/ZATu-XCIoCo?feature=oembed\" frameborder=\"0\" allow=\"accelerometer; autoplay; clipboard-write; encrypted-media; gyroscope; picture-in-picture; web-share\" referrerpolicy=\"strict-origin-when-cross-origin\" allowfullscreen><\/iframe><\/div>\n<\/div>\n<\/div>\n<\/div>\n<\/figure>\n","protected":false},"excerpt":{"rendered":"<p>The Latin American Cultural Center American Studies Center was founded in the summer of 1995 by history professors, Dr. Mariano D\u00edaz-Miranda and Terry Thomas. El Centro, as it is affectionately known, was first established at &hellip; <a href=\"https:\/\/students.austincc.edu\/latin-american-cultural-center\/about-us\/\">Continue reading <span class=\"meta-nav\">&rarr;<\/span><\/a><\/p>\n","protected":false},"author":3,"featured_media":44,"parent":0,"menu_order":0,"comment_status":"closed","ping_status":"closed","template":"","meta":{"footnotes":""},"class_list":["post-12","page","type-page","status-publish","has-post-thumbnail","hentry"],"_links":{"self":[{"href":"https:\/\/students.austincc.edu\/latin-american-cultural-center\/wp-json\/wp\/v2\/pages\/12","targetHints":{"allow":["GET"]}}],"collection":[{"href":"https:\/\/students.austincc.edu\/latin-american-cultural-center\/wp-json\/wp\/v2\/pages"}],"about":[{"href":"https:\/\/students.austincc.edu\/latin-american-cultural-center\/wp-json\/wp\/v2\/types\/page"}],"author":[{"embeddable":true,"href":"https:\/\/students.austincc.edu\/latin-american-cultural-center\/wp-json\/wp\/v2\/users\/3"}],"replies":[{"embeddable":true,"href":"https:\/\/students.austincc.edu\/latin-american-cultural-center\/wp-json\/wp\/v2\/comments?post=12"}],"version-history":[{"count":0,"href":"https:\/\/students.austincc.edu\/latin-american-cultural-center\/wp-json\/wp\/v2\/pages\/12\/revisions"}],"wp:featuredmedia":[{"embeddable":true,"href":"https:\/\/students.austincc.edu\/latin-american-cultural-center\/wp-json\/wp\/v2\/media\/44"}],"wp:attachment":[{"href":"https:\/\/students.austincc.edu\/latin-american-cultural-center\/wp-json\/wp\/v2\/media?parent=12"}],"curies":[{"name":"wp","href":"https:\/\/api.w.org\/{rel}","templated":true}]}}