{"id":1943,"date":"2017-09-05T17:55:21","date_gmt":"2017-09-05T17:55:21","guid":{"rendered":"https:\/\/sites.austincc.edu\/money\/?page_id=1943"},"modified":"2023-12-18T10:56:48","modified_gmt":"2023-12-18T15:56:48","slug":"meses-y-semestres","status":"publish","type":"page","link":"https:\/\/students.austincc.edu\/money\/en-espanol\/meses-y-semestres\/","title":{"rendered":"Meses y Semestres"},"content":{"rendered":"<p>Cuando se crea un presupuesto basado en el semestre, es muy importante determinar cu\u00e1les meses est\u00e1n incluidos en el semestre. Aqu\u00ed tienes una gu\u00eda general para cada semestre.<\/p>\n<p><strong>Semestre de Primavera, 5 meses<\/strong><\/p>\n<p>Enero, Febrero, Marzo, Abril, Mayo<\/p>\n<p><strong>Semestre de Verano, 4 meses<\/strong><\/p>\n<p>Mayo, Junio, Julio, Agosto<\/p>\n<p><strong>Semestre de Oto\u00f1o, 5 meses<\/strong><\/p>\n<p>Agosto, Septiembre, Octubre, Noviembre, Diciembre<\/p>\n","protected":false},"excerpt":{"rendered":"<p>Cuando se crea un presupuesto basado en el semestre, es muy importante determinar cu\u00e1les meses est\u00e1n incluidos en el semestre. Aqu\u00ed tienes una gu\u00eda general para cada semestre. Semestre de Primavera, 5 meses Enero, Febrero, &hellip; <a href=\"https:\/\/students.austincc.edu\/money\/en-espanol\/meses-y-semestres\/\">Continue reading <span class=\"meta-nav\">&rarr;<\/span><\/a><\/p>\n","protected":false},"author":90,"featured_media":0,"parent":1253,"menu_order":0,"comment_status":"closed","ping_status":"closed","template":"","meta":{"footnotes":""},"class_list":["post-1943","page","type-page","status-publish","hentry"],"_links":{"self":[{"href":"https:\/\/students.austincc.edu\/money\/wp-json\/wp\/v2\/pages\/1943","targetHints":{"allow":["GET"]}}],"collection":[{"href":"https:\/\/students.austincc.edu\/money\/wp-json\/wp\/v2\/pages"}],"about":[{"href":"https:\/\/students.austincc.edu\/money\/wp-json\/wp\/v2\/types\/page"}],"author":[{"embeddable":true,"href":"https:\/\/students.austincc.edu\/money\/wp-json\/wp\/v2\/users\/90"}],"replies":[{"embeddable":true,"href":"https:\/\/students.austincc.edu\/money\/wp-json\/wp\/v2\/comments?post=1943"}],"version-history":[{"count":0,"href":"https:\/\/students.austincc.edu\/money\/wp-json\/wp\/v2\/pages\/1943\/revisions"}],"up":[{"embeddable":true,"href":"https:\/\/students.austincc.edu\/money\/wp-json\/wp\/v2\/pages\/1253"}],"wp:attachment":[{"href":"https:\/\/students.austincc.edu\/money\/wp-json\/wp\/v2\/media?parent=1943"}],"curies":[{"name":"wp","href":"https:\/\/api.w.org\/{rel}","templated":true}]}}