{"id":1947,"date":"2017-09-05T18:07:22","date_gmt":"2017-09-05T18:07:22","guid":{"rendered":"https:\/\/sites.austincc.edu\/money\/?page_id=1947"},"modified":"2024-07-03T12:24:14","modified_gmt":"2024-07-03T17:24:14","slug":"escasez-de-presupuesto","status":"publish","type":"page","link":"https:\/\/students.austincc.edu\/money\/en-espanol\/escasez-de-presupuesto\/","title":{"rendered":"Escasez de presupuesto"},"content":{"rendered":"<p><strong>C\u00f3mo Administrar una escasez de presupuesto<\/strong><\/p>\n<p>\u00bfTienes m\u00e1s gastos que ingresos? Aqu\u00ed hay algunas sugerencias para equilibrar tu presupuesto.<\/p>\n<p><strong>Reducir los gastos<\/strong><b><br \/><\/b>Haz una lista de tus necesidades y deseos. Por lo general, es m\u00e1s f\u00e1cil reducir los gastos reduciendo los art\u00edculos que est\u00e1n en tu lista de \u201cdeseos\u201d. Despu\u00e9s de recortar tus deseos, identifica formas de reducir tus necesidades. Echa un vistazo a este video para saber c\u00f3mo ahorrar dinero en tus facturas mensuales. <a href=\"https:\/\/bettermoneyhabits.bankofamerica.com\/en\/how-to-manage-your-savings?cm_mmc=EBZ-FWB-_-Module0Ad-_-EH16LT0031_Partner_Site_Saving_with_a_purpose-_-BMH\" data-type=\"link\" data-id=\"https:\/\/bettermoneyhabits.bankofamerica.com\/en\/how-to-manage-your-savings?cm_mmc=EBZ-FWB-_-Module0Ad-_-EH16LT0031_Partner_Site_Saving_with_a_purpose-_-BMH\">Ways to save money on your monthly bills (Ingl\u00e9s)<\/a>.<\/p>\n<p><strong>Solicita becas (en Ingl\u00e9s)<\/strong><b><br \/><\/b><span style=\"font-weight: 400\"><a href=\"https:\/\/foundcom.org\/education-pathways\/college-hub\/\" data-type=\"link\" data-id=\"https:\/\/foundcom.org\/prosper-centers\/college-financial-aid-assistance\/\">Meet with a Scholarship Mentor<\/a><\/span> (Re\u00fanete con un Mentor de Becas)<span style=\"font-weight: 400\"><br \/><\/span><a href=\"https:\/\/students.austincc.edu\/scholarships\/\" data-type=\"link\" data-id=\"https:\/\/students.austincc.edu\/scholarships\/\">ACC scholarships<\/a> (Becas del ACC)<span style=\"font-weight: 400\"><br \/><\/span><a href=\"https:\/\/students.austincc.edu\/scholarships\/other-scholarship\/\" data-type=\"link\" data-id=\"https:\/\/students.austincc.edu\/scholarships\/other-scholarship\/\"><span style=\"font-weight: 400\">ACC\u2019s list of local scholarships<\/span> <\/a>(Lista de becas locales de ACC)<span style=\"font-weight: 400\"><br \/><\/span><a href=\"https:\/\/www.appily.com\/guidance\/counselors\" data-type=\"link\" data-id=\"https:\/\/www.appily.com\/guidance\/counselors\">College Greenlight<\/a>: College Greenlight es un sitio con becas nacionales y locales. \u00dasalo s\u00f3lo despu\u00e9s de haber explorado los recursos de becas mencionados anteriormente.<\/p>\n<p><strong>Planifica tu reembolso de impuestos<\/strong><b><br \/><\/b>Utiliza los Centros de Impuestos Comunitarios <a href=\"https:\/\/foundcom.org\/austin-tax-help\/\" data-type=\"link\" data-id=\"https:\/\/foundcom.org\/austin-tax-help\/\">Community Tax Centers<\/a> para la preparaci\u00f3n gratuita de impuestos (los hogares que ganan menos de $ 50K anualmente califican) o prepara tus propios impuestos en <a href=\"https:\/\/myfreetaxes.com\/\" data-type=\"link\" data-id=\"https:\/\/myfreetaxes.com\/\">myfreetaxes.com<\/a> (gratis para devoluciones con menos de $ 62K en ingresos anuales).<\/p>\n<p>Bas\u00e1ndose en lo que recibiste el a\u00f1o pasado (sabiendo que podr\u00eda cambiar), haz una lista prioridades de c\u00f3mo utilizar\u00e1 su reembolso.<\/p>\n<p><strong>Busca beneficios y recursos en la comunidad<\/strong><\/p>\n<p><a href=\"https:\/\/www.yourtexasbenefits.com\/Learn\/Home\" data-type=\"link\" data-id=\"https:\/\/www.yourtexasbenefits.com\/Learn\/Home\">Apply for SNAP<\/a> Solicita SNAP (cupones de alimentos)<br \/>Utilizar en despensas de alimentos locales<br \/>Busca otros recursos llamando al 2-1-1 o buscando en <a href=\"https:\/\/www.auntbertha.com\/\" data-type=\"link\" data-id=\"https:\/\/www.auntbertha.com\/\">AuntBertha.com<\/a><\/p>\n<p><strong>Busca un trabajo secundario o alg\u00fan trabajo que te d\u00e9 m\u00e1s ingresos en el siguiente link.<\/strong><\/p>\n<p><a href=\"https:\/\/students.austincc.edu\/career-services\/\" data-type=\"link\" data-id=\"https:\/\/students.austincc.edu\/career-services\/\">Connect with ACC\u2019s Career Services for assistance.<\/a><\/p>\n","protected":false},"excerpt":{"rendered":"<p>C\u00f3mo Administrar una escasez de presupuesto \u00bfTienes m\u00e1s gastos que ingresos? Aqu\u00ed hay algunas sugerencias para equilibrar tu presupuesto. Reducir los gastosHaz una lista de tus necesidades y deseos. Por lo general, es m\u00e1s f\u00e1cil &hellip; <a href=\"https:\/\/students.austincc.edu\/money\/en-espanol\/escasez-de-presupuesto\/\">Continue reading <span class=\"meta-nav\">&rarr;<\/span><\/a><\/p>\n","protected":false},"author":90,"featured_media":0,"parent":1253,"menu_order":0,"comment_status":"closed","ping_status":"closed","template":"","meta":{"footnotes":""},"class_list":["post-1947","page","type-page","status-publish","hentry"],"_links":{"self":[{"href":"https:\/\/students.austincc.edu\/money\/wp-json\/wp\/v2\/pages\/1947","targetHints":{"allow":["GET"]}}],"collection":[{"href":"https:\/\/students.austincc.edu\/money\/wp-json\/wp\/v2\/pages"}],"about":[{"href":"https:\/\/students.austincc.edu\/money\/wp-json\/wp\/v2\/types\/page"}],"author":[{"embeddable":true,"href":"https:\/\/students.austincc.edu\/money\/wp-json\/wp\/v2\/users\/90"}],"replies":[{"embeddable":true,"href":"https:\/\/students.austincc.edu\/money\/wp-json\/wp\/v2\/comments?post=1947"}],"version-history":[{"count":0,"href":"https:\/\/students.austincc.edu\/money\/wp-json\/wp\/v2\/pages\/1947\/revisions"}],"up":[{"embeddable":true,"href":"https:\/\/students.austincc.edu\/money\/wp-json\/wp\/v2\/pages\/1253"}],"wp:attachment":[{"href":"https:\/\/students.austincc.edu\/money\/wp-json\/wp\/v2\/media?parent=1947"}],"curies":[{"name":"wp","href":"https:\/\/api.w.org\/{rel}","templated":true}]}}