{"id":1949,"date":"2017-09-05T18:08:44","date_gmt":"2017-09-05T18:08:44","guid":{"rendered":"https:\/\/sites.austincc.edu\/money\/?page_id=1949"},"modified":"2023-12-18T11:12:10","modified_gmt":"2023-12-18T16:12:10","slug":"gastos-periodicos","status":"publish","type":"page","link":"https:\/\/students.austincc.edu\/money\/en-espanol\/gastos-periodicos\/","title":{"rendered":"Gastos Peri\u00f3dicos"},"content":{"rendered":"<p><strong>Qu\u00e9 son los gastos peri\u00f3dicos?<\/strong><\/p>\n<p>Gastos peri\u00f3dicos son los costos que ocurren en manera irregular en lugar de mensuales. Estos son algunos ejemplos de los gastos peri\u00f3dicos que podr\u00edas tener.<\/p>\n<ul class=\"wp-block-list\">\n<li>Matr\u00edculas y Cuotas de inscripci\u00f3n<\/li>\n<li>Libros para clases<\/li>\n<li>\u00datiles escolares para regreso a clases para usted y sus hijos<\/li>\n<li>Mantenimiento del auto<\/li>\n<li>Registro e inspecci\u00f3n del auto<\/li>\n<li>Seguro de autom\u00f3vil (si no lo esta pagando mensualmente).<\/li>\n<li>Gastos de vacaciones<\/li>\n<li>Cumplea\u00f1os<\/li>\n<li>Campamentos de verano para ni\u00f1os<\/li>\n<li>Deposito de renta (si hay alg\u00fan cambio de casa en un futuro).<\/li>\n<li>Gastos de viaje (para visitar a la familia, asistir a eventos, vacaciones).<\/li>\n<li>Impuestos de trabajo por cuenta propia<\/li>\n<\/ul>\n<p><strong>C\u00f3mo incorporar estos gastos en mi presupuesto mensual?<\/strong><\/p>\n<p>Una vez que hayas identificado tus gastos peri\u00f3dicos, separarlos en cantidades mensuales.<\/p>\n<p><strong>Ejemplo 1<\/strong><\/p>\n<p>Viendo lo que gastaste en Navidad el a\u00f1o pasado en regalos, materiales de envoltura, decoraciones y comida para fiestas, gastaste alrededor de $420. Este a\u00f1o quieres estar preparado y tener ese dinero en tu bolsillo antes de que la temporada festiva comience. Para calcular el gasto como cantidad mensual, toma los $420 y dividirlo entre 12:<\/p>\n<p>$420 \u00f7 12 = <strong>$35<\/strong><\/p>\n<p>Incluye $35 como tu gasto mensual de festividades para en tu presupuesto mensual. Coloca ese dinero en una cuenta separa de la cuenta de banco que utilizas a diario, por lo que no te sentir\u00e1s tentado a usarlo!<\/p>\n<p><strong>Ejemplo 2<\/strong><\/p>\n<p>Si pagas $ 620 cada seis meses por el seguro de autom\u00f3vil. Para calcular el gasto como una cantidad mensual tomar $ 620 y dividir entre6.<\/p>\n<p>$618 \u00f7 6 = <strong>$103<\/strong><\/p>\n<p>Incluye $103 cada mes como gasto de seguro de autom\u00f3vil en tu presupuesto mensual. Coloca ese dinero en una cuenta separa de la cuenta de banco que utilizas a diario para que est\u00e9 ah\u00ed cuando lo necesites.<\/p>\n<p><strong>Hoja de trabajo: &nbsp;Cuanto debo de ahorrar para gastos peri\u00f3dicos?<\/strong><\/p>\n<figure class=\"wp-block-table\">\n<table>\n<tbody>\n<tr>\n<td><span style=\"font-weight: 400\">Gasto Periodico<\/span><\/td>\n<td><span style=\"font-weight: 400\">Costo anual estimado<\/span><\/td>\n<td>&nbsp;<\/td>\n<td><span style=\"font-weight: 400\">Cantidad mensual<\/span><\/td>\n<\/tr>\n<tr>\n<td>&nbsp;<\/td>\n<td>&nbsp;<\/td>\n<td><span style=\"font-weight: 400\">\u00f7 12 =<\/span><\/td>\n<td>&nbsp;<\/td>\n<\/tr>\n<tr>\n<td>&nbsp;<\/td>\n<td>&nbsp;<\/td>\n<td><span style=\"font-weight: 400\">\u00f7 12 =<\/span><\/td>\n<td>&nbsp;<\/td>\n<\/tr>\n<tr>\n<td>&nbsp;<\/td>\n<td>&nbsp;<\/td>\n<td><span style=\"font-weight: 400\">\u00f7 12 =<\/span><\/td>\n<td>&nbsp;<\/td>\n<\/tr>\n<tr>\n<td>&nbsp;<\/td>\n<td>&nbsp;<\/td>\n<td><span style=\"font-weight: 400\">\u00f7 12 =<\/span><\/td>\n<td>&nbsp;<\/td>\n<\/tr>\n<tr>\n<td>&nbsp;<\/td>\n<td>&nbsp;<\/td>\n<td><span style=\"font-weight: 400\">\u00f7 12 =<\/span><\/td>\n<td>&nbsp;<\/td>\n<\/tr>\n<tr>\n<td>&nbsp;<\/td>\n<td>&nbsp;<\/td>\n<td><span style=\"font-weight: 400\">\u00f7 12 =<\/span><\/td>\n<td>&nbsp;<\/td>\n<\/tr>\n<tr>\n<td>&nbsp;<\/td>\n<td>&nbsp;<\/td>\n<td><span style=\"font-weight: 400\">\u00f7 12 =<\/span><\/td>\n<td>&nbsp;<\/td>\n<\/tr>\n<tr>\n<td>&nbsp;<\/td>\n<td>&nbsp;<\/td>\n<td><span style=\"font-weight: 400\">\u00f7 12 =<\/span><\/td>\n<td>&nbsp;<\/td>\n<\/tr>\n<tr>\n<td colspan=\"3\"><span style=\"font-weight: 400\">Total que necesito guardar mensualmente<\/span><\/td>\n<td>&nbsp;<\/td>\n<\/tr>\n<\/tbody>\n<\/table>\n<\/figure>\n","protected":false},"excerpt":{"rendered":"<p>Qu\u00e9 son los gastos peri\u00f3dicos? Gastos peri\u00f3dicos son los costos que ocurren en manera irregular en lugar de mensuales. Estos son algunos ejemplos de los gastos peri\u00f3dicos que podr\u00edas tener. C\u00f3mo incorporar estos gastos en &hellip; <a href=\"https:\/\/students.austincc.edu\/money\/en-espanol\/gastos-periodicos\/\">Continue reading <span class=\"meta-nav\">&rarr;<\/span><\/a><\/p>\n","protected":false},"author":90,"featured_media":0,"parent":1253,"menu_order":0,"comment_status":"closed","ping_status":"closed","template":"","meta":{"footnotes":""},"class_list":["post-1949","page","type-page","status-publish","hentry"],"_links":{"self":[{"href":"https:\/\/students.austincc.edu\/money\/wp-json\/wp\/v2\/pages\/1949","targetHints":{"allow":["GET"]}}],"collection":[{"href":"https:\/\/students.austincc.edu\/money\/wp-json\/wp\/v2\/pages"}],"about":[{"href":"https:\/\/students.austincc.edu\/money\/wp-json\/wp\/v2\/types\/page"}],"author":[{"embeddable":true,"href":"https:\/\/students.austincc.edu\/money\/wp-json\/wp\/v2\/users\/90"}],"replies":[{"embeddable":true,"href":"https:\/\/students.austincc.edu\/money\/wp-json\/wp\/v2\/comments?post=1949"}],"version-history":[{"count":0,"href":"https:\/\/students.austincc.edu\/money\/wp-json\/wp\/v2\/pages\/1949\/revisions"}],"up":[{"embeddable":true,"href":"https:\/\/students.austincc.edu\/money\/wp-json\/wp\/v2\/pages\/1253"}],"wp:attachment":[{"href":"https:\/\/students.austincc.edu\/money\/wp-json\/wp\/v2\/media?parent=1949"}],"curies":[{"name":"wp","href":"https:\/\/api.w.org\/{rel}","templated":true}]}}