{"id":2179,"date":"2018-01-22T17:49:27","date_gmt":"2018-01-22T17:49:27","guid":{"rendered":"https:\/\/sites.austincc.edu\/money\/?page_id=2179"},"modified":"2023-12-18T10:55:07","modified_gmt":"2023-12-18T15:55:07","slug":"aprende-mas","status":"publish","type":"page","link":"https:\/\/students.austincc.edu\/money\/en-espanol\/aprende-mas\/","title":{"rendered":"Aprende M\u00e1s"},"content":{"rendered":"<p><a href=\"https:\/\/www.dallasfed.org\/~\/media\/documents\/cd\/ewealth\/riqueza.pdf\" data-type=\"link\" data-id=\"https:\/\/www.dallasfed.org\/~\/media\/documents\/cd\/ewealth\/riqueza.pdf\">C\u00f3mo Crear Riqueza<\/a>, una publicaci\u00f3n del Federal Reserve Bank, incluye informaci\u00f3n acerca de c\u00f3mo establecer metas financieras, crear un presupuesto, ahorros e inversiones, c\u00f3mo gestionar deudas, as\u00ed como reportes de cr\u00e9dito y tu puntaje de cr\u00e9dito.<\/p>\n","protected":false},"excerpt":{"rendered":"<p>C\u00f3mo Crear Riqueza, una publicaci\u00f3n del Federal Reserve Bank, incluye informaci\u00f3n acerca de c\u00f3mo establecer metas financieras, crear un presupuesto, ahorros e inversiones, c\u00f3mo gestionar deudas, as\u00ed como reportes de cr\u00e9dito y tu puntaje de &hellip; <a href=\"https:\/\/students.austincc.edu\/money\/en-espanol\/aprende-mas\/\">Continue reading <span class=\"meta-nav\">&rarr;<\/span><\/a><\/p>\n","protected":false},"author":90,"featured_media":0,"parent":1253,"menu_order":0,"comment_status":"closed","ping_status":"closed","template":"","meta":{"footnotes":""},"class_list":["post-2179","page","type-page","status-publish","hentry"],"_links":{"self":[{"href":"https:\/\/students.austincc.edu\/money\/wp-json\/wp\/v2\/pages\/2179","targetHints":{"allow":["GET"]}}],"collection":[{"href":"https:\/\/students.austincc.edu\/money\/wp-json\/wp\/v2\/pages"}],"about":[{"href":"https:\/\/students.austincc.edu\/money\/wp-json\/wp\/v2\/types\/page"}],"author":[{"embeddable":true,"href":"https:\/\/students.austincc.edu\/money\/wp-json\/wp\/v2\/users\/90"}],"replies":[{"embeddable":true,"href":"https:\/\/students.austincc.edu\/money\/wp-json\/wp\/v2\/comments?post=2179"}],"version-history":[{"count":0,"href":"https:\/\/students.austincc.edu\/money\/wp-json\/wp\/v2\/pages\/2179\/revisions"}],"up":[{"embeddable":true,"href":"https:\/\/students.austincc.edu\/money\/wp-json\/wp\/v2\/pages\/1253"}],"wp:attachment":[{"href":"https:\/\/students.austincc.edu\/money\/wp-json\/wp\/v2\/media?parent=2179"}],"curies":[{"name":"wp","href":"https:\/\/api.w.org\/{rel}","templated":true}]}}