{"id":38,"date":"2022-07-12T21:54:42","date_gmt":"2022-07-12T21:54:42","guid":{"rendered":"https:\/\/students.austincc.edu\/study-abroad\/?page_id=38"},"modified":"2025-04-18T19:01:07","modified_gmt":"2025-04-18T19:01:07","slug":"study-abroad-frequently-asked-questions-preguntas-frecuentes","status":"publish","type":"page","link":"https:\/\/students.austincc.edu\/study-abroad\/study-abroad-frequently-asked-questions-preguntas-frecuentes\/","title":{"rendered":"Preguntas Frecuentes Sobre Estudios en el Exterior"},"content":{"rendered":"<h3 class=\"wp-block-heading\">ELEGIBILIDAD EN EL PROGRAMA<\/h3>\n<p><strong>\u00bfQui\u00e9n puede ser elegido para participar en un programa de estudio en el exterior liderado por la facultad de ACC?<\/strong><\/p>\n<p>Los programas de estudio en el exterior liderados por la facultad de ACC se centran en los estudiantes y cualquier persona en la comunidad que tenga 18 a\u00f1os o m\u00e1s, de cualquier origen, experiencia educacional o capacidad. Debes tener un buen rendimiento acad\u00e9mico y completar cualquier pre-requisito antes de comenzar el curso.<\/p>\n<p><strong>Soy un estudiante de colegio tomando cr\u00e9ditos en ACC. \u00bfPuedo estudiar en el exterior?<\/strong><\/p>\n<p>Los estudiantes deben tener 18 a\u00f1os o m\u00e1s para ser elegidos y participar en programas de studio en el exterior de ACC.<\/p>\n<p><strong>Yo asisto a otra universidad y no estoy tomando ninguna clase en ACC. \u00bfPuedo estudiar en el exterior en alguno de sus programas?<\/strong><\/p>\n<p>Cualquier persona puede inscribirse en ACC con el \u00fanico prop\u00f3sito de participar en un programa de estudio en el exterior. Sin embargo, aseg\u00farate de revisar si hay prerequisitos para el programa en el cual est\u00e1s interesado. Los prerequisitos deben ser completados antes de comenzar el programa de estudio en el exterior.<\/p>\n<p><strong>\u00bfTengo que hablar el idioma del pa\u00eds de destino?<\/strong><\/p>\n<p>Los programas de estudio en el exterior que se concentran en un idioma extranjero exigen que hayas pasado los prerrequisitos con m\u00ednimo una C, indicando que ha obtenido el nivel necesario de lenguaje para el curso. Los programas que no se enfocan en lenguaje no requieren saber otro idioma.<\/p>\n<p><strong>Quiero aplicar en el semestre de oto\u00f1o, pero no estar\u00e9 inscrito en el curso prerequisito del programa de estudio en el exterior hasta el semestre de primavera. \u00bf A\u00fan puedo aplicar?<\/strong><\/p>\n<p>S\u00ed. Los estudiantes tendr\u00e1n que completar cualquier prerequisito del curso antes de que el programa comience. Sin embargo, los estudiantes deben completar satisfactoriamente el curso prerequisito y aprovarlo. Una nota mala en el curso prerequisito har\u00eda al estudiante inelegible para continuar su participaci\u00f3n.<\/p>\n<h3 class=\"wp-block-heading\">APLICACI\u00d3N AL PROGRAMA<\/h3>\n<p><strong>\u00bfC\u00f3mo aplicar a un programa de estudio en el exterior?<\/strong><\/p>\n<p>Debes revisar la informaci\u00f3n del programa disponible en la <a href=\"https:\/\/students.austincc.edu\/study-abroad\/\">p\u00e1gina web<\/a> de Programas Internacionales. Despu\u00e9s de decidir por un programa, debes tener una reuni\u00f3n un consejero de Programas Internacionales. Existen tres opciones para atender una consejer\u00eda, una opci\u00f3n virtual cara a cara con el coordinador del programa que elegiste, una sesi\u00f3n en grupo, o una sesi\u00f3n grabada. Todas las opciones pueden ser acezadas en la secci\u00f3n de programas de nuestra <a href=\"https:\/\/students.austincc.edu\/study-abroad\/study-abroad-program\/\">p\u00e1gina web<\/a>.&nbsp; La sesi\u00f3n virtual con el consejero cubrir\u00e1 los detalles del programa, el proceso de aplicaci\u00f3n, las normas y tr\u00e1mites. Recibir\u00e1s todos los formularios de inscripci\u00f3n en ese momento.<\/p>\n<p><strong>\u00bfHay alg\u00fan costo por la aplicaci\u00f3n?<\/strong><\/p>\n<p>Programas Internacionales no cobra ning\u00fan costo por el procesamiento de la aplicaci\u00f3n.<\/p>\n<h3 class=\"wp-block-heading\">CURSOS y CREDITOS<\/h3>\n<p><strong>\u00bfObtendr\u00e9 cr\u00e9dito por el programa de estudio en el exterior?<\/strong><\/p>\n<p>Los participantes en un programa obtendr\u00e1n cr\u00e9ditos de ACC por los cursos relacionados al programa de estudio en el exterior.<\/p>\n<p><strong>\u00bfC\u00f3mo me puedo inscribir a mis cursos de estudio en el exterior?<\/strong><\/p>\n<p>Programas Internacionales registrar\u00e1 a los participantes en estudios en el exterior en el curso(s) durante el peri\u00f3do de registro del semestre de verano. Programas Internacionales notificar\u00e1 a los participantes cuando est\u00e9n registrados y puedan pagar los costos de la matr\u00edcula y otros costos.<\/p>\n<p><strong>Yo tom\u00e9 el curso que est\u00e1n ofreciendo en el programa de estudio en el exterior. \u00bfPuedo tomar el curso otra vez?<\/strong><\/p>\n<p>S\u00ed, t\u00fa puedes tomar el curso otra vez. ACC tomar\u00e1 la nota m\u00e1s alta de los dos cursos cuando calcule tu promedio o GPA final. Sin embargo, si planeas transferirte a otra instituci\u00f3n, por favor aver\u00edguate la eligibilidad de transferencia de los cr\u00e9ditos con esa instituci\u00f3n.<\/p>\n<p><strong>Yo quiero estudiar en el exterior el pr\u00f3ximo verano y despu\u00e9s transferirme a una Universidad de cuatro a\u00f1os. \u00bfLos cr\u00e9ditos obtenidos a trav\u00e9s del programa de estudio en el exterior ser\u00e1n transferidos a mi nueva instituci\u00f3n?<\/strong><\/p>\n<p>Como con cualquier otro curso de ACC, necesitas hablar con el consejero acad\u00e9mico acerca de la transferencia de los cr\u00e9ditos de ACC. Por favor visita <a href=\"https:\/\/www.austincc.edu\/students\/transfer-services\">ACC Transfer Services.<\/a><\/p>\n<h3 class=\"wp-block-heading\">DURACI\u00d3N DEL PROGRAMA<\/h3>\n<p><strong>\u00bfCu\u00e1nto tiempo dur\u00e1n los programas de estudio en el exterior?<\/strong><\/p>\n<p>ACC se especializa en programas de estudio a corto plazo. Actualmente, todos los programas se llevan a cabo durante la primera o segunda sesi\u00f3n del semestre de verano, la cual es por cinco semanas. Generalmente, los programas dividen el tiempo entre Austin y el pa\u00eds del programa, con una duraci\u00f3n de 2 a 4 semanas en el exterior.<\/p>\n<p><strong>\u00bfEstar\u00e9 en el exterior durante toda la sesi\u00f3n de Verano<\/strong>?<\/p>\n<p>Algunos programas de estudio en el exterior se llevan a cabo totalmente en el exterior, mientras otros programas son dictados parte en Austin y parte en el exterior.<\/p>\n<h3 class=\"wp-block-heading\">COSTO DEL PROGRAMA<\/h3>\n<p><strong>\u00bfEl costo del programa incluye todo?<\/strong><\/p>\n<p>Los costos del Programa no incluyen todo. La mayor\u00eda de los programas incluyen estos costos:<\/p>\n<ul class=\"wp-block-list\">\n<li>Transporte terrestre para actividades y eventos planeados<\/li>\n<li>Excursiones, costos de entrada, transporte terrestre para actividades y eventos planeados<\/li>\n<li>Hospedaje<\/li>\n<li>Seguro M\u00e9dico y de accidente<\/li>\n<li>Comidas inclu\u00eddas en el itinerario<\/li>\n<\/ul>\n<p>El programa no incluye los siguientes costos:<\/p>\n<ul class=\"wp-block-list\">\n<li>Tiquete a\u00e9reo d viaje redondo para el grupo<\/li>\n<li>Matr\u00edcula\/otros costos\/libros de ACC<\/li>\n<li>Alimentaci\u00f3n no indicada en el itinerario<\/li>\n<li>Gastos personales (compras, entretenimiento, tel\u00e9fono celular, etc.)<\/li>\n<li>Costos de pasaporte y visa (si aplica)<\/li>\n<li>Impuesto de salida del pa\u00eds del programa<\/li>\n<\/ul>\n<p>Cada programa tiene costos diferentes, por favor rem\u00edtete al paquete de informaci\u00f3n para el programa respectivo. Si tienes preguntas, por favor contacta a Programas Internacionales en <a href=\"mailto:studyabroad@austincc.edu\">studyabroad@austincc.edu<\/a> Los costos del programa no son reembolsables, excepto por circunstancias especiales que ser\u00e1n revisadas caso por caso, o si Programas Internacionales cancela el programa debido a baja participaci\u00f3n u otras circunstancias de fuerza mayor.<\/p>\n<p><strong>\u00bfPor qu\u00e9 los costos del programa no son reembolsables?<\/strong><\/p>\n<p>Los pagos al costo del programa no son reembolsables debido a los arreglos contractuales por apoyo institucional, de log\u00edstica y servicios asociados a cada programa de estudio en el exterior.<\/p>\n<p>Si Programas Internationales cancela el programa antes de que comienze, todos los pagos, inculyedo el dep\u00f3sito de $400, sera devuelto.<\/p>\n<h3 class=\"wp-block-heading\">MATR\u00cdCULA Y COSTOS<\/h3>\n<p><strong>Como estoy tomando un curso en un pa\u00eds extranjero, tendr\u00e9 que pagar la tarifa internacional por la matr\u00edcula\/ otros costos?<\/strong><\/p>\n<p>El costo de la matr\u00edcula\/otros costos de ACC para el a\u00f1o acad\u00e9mico 2023-2024 est\u00e1n basados en tu estado de residencia en Texas:<\/p>\n<ul class=\"wp-block-list\">\n<li>ACC costo de la matr\u00edcula dentro del distrito es $85 por hora cr\u00e9dito<\/li>\n<li>ACC costo de la matr\u00edcula fuera del distrito es $286 por hora cr\u00e9dito y<\/li>\n<li>ACC costo de la matr\u00edcula para estudiante internacional es $353 por hora cr\u00e9dito                                    <\/li>\n<\/ul>\n<p>Por favor, ten en cuenta que la matr\u00edcula y otros costos de ACC est\u00e1n sujetos a cambio.<\/p>\n<h3 class=\"wp-block-heading\">CANCELACI\u00d3N DEL PROGRAMA<\/h3>\n<p><strong>\u00bfCu\u00e1les son algunas de las razones para cancelar un programa?<\/strong><\/p>\n<p>Algunos ejemplos incluyen, pero no se limitan a:<\/p>\n<ul class=\"wp-block-list\">\n<li>Un programa puede ser cancelado incluso en el momento en que los estudiantes est\u00e1n abordando el vuelo en grupo si existe deterioro significativo en la salud, la seguridad y las condiciones de seguridad afectan los planes de viaje del programa o al sector del pa\u00eds a donde se viaja. Algunos ejemplos incluyen actos de guerra, terrorismo, disturbios civiles, brote de una enfermedad grave o infecciosa; o desastres naturales como terremotos, inundaciones, o huracanes. Al momento de tomar la decisi\u00f3n de cancelar el programa se tomar\u00e1 en consideraci\u00f3n la salud, la seguridad y la informaci\u00f3n de seguridad monitoriada por Programas Internacionales, incluyendo las advertencias de viaje emitidas por el Departamento de Estado de los Estados Unidos.<\/li>\n<\/ul>\n<ul class=\"wp-block-list\">\n<li>Si la salud, la seguridad y las condiciones de seguridad se deterioran mientras el grupo de estudio en el exterior est\u00e1 en el pa\u00eds del programa y la Embajada de los Estados Unidos emite advertencias de viaje u ordena la evacuaci\u00f3n de los ciudadanos americanos.<\/li>\n<\/ul>\n<ul class=\"wp-block-list\">\n<li>El programa no re\u00fane el n\u00famero m\u00ednimo de los estudiantes participantes para cubrir el costo del programa.<\/li>\n<\/ul>\n<h3 class=\"wp-block-heading\">FINANCIAMIENTO<\/h3>\n<p><strong>Yo recibo ayuda financiera. \u00bfPuedo usarla para pagar por el estudio en el exterior?<\/strong><\/p>\n<p>Por favor, visita o contacta <a href=\"https:\/\/www.austincc.edu\/paying-for-college\">Financial Aid <\/a>en cualquier sede de ACC. Los estudiantes de estudio en el exterior que buscan ayuda financiera deben suministrar en el verano la Solicitud de Ayuda Financiera, como tambi\u00e9n la aplicaci\u00f3n FAFSA para el a\u00f1o acad\u00e9mico a la Oficina de Ayuda Financiera de ACC. Este tr\u00e1mite NO es procesado en Programas Internacionales.<\/p>\n<p><strong>Soy elegible para excepci\u00f3n de matr\u00edcula con el programa para adultos de alta edad. \u00bfPuedo usar este programa para cubrir el gasto de matr\u00edcula?<\/strong><\/p>\n<p>Si, la excepci\u00f3n de matr\u00edcula con el programa para de Colegiatura Gratis en ACC se puede aplicar a la matr\u00edcula del curso estudio en el exterior, pero el costo del programa se paga por separado.<\/p>\n<p><strong>Soy elegible para excepci\u00f3n de matr\u00edcula con el programa para adultos de alta edad. \u00bfPuedo usar este programa para cubrir el gasto de matr\u00edcula?<\/strong><\/p>\n<p>No, la excepci\u00f3n de matr\u00edcula con el programa para adultos de alta edad no se puede aplicar a la matricula del curso estudio en el exterior. <\/p>\n<p><strong>Soy elegible para vales de matr\u00edcula para empleados. \u00bfPuedo usar mis vales para pagar matr\u00edcula?&nbsp;<\/strong><\/p>\n<p>S\u00ed, vales de empleados puede aplicarse a la matr\u00edcula del curso estudio del exterior.&nbsp;&nbsp;<\/p>\n<p><strong>Me gustar\u00eda aplicar para la Beca de la Junta Directiva (BoT) para Estudio en el Exterior, pero no estoy seguro si soy elegible. \u00bfQu\u00e9 necesito hacer?<\/strong><\/p>\n<p>Para aplicar a la beca BoT, debes cumplir con los siguientes criterios:<\/p>\n<ul class=\"wp-block-list\">\n<li>Tener por lo menos un GPA de 2.0<\/li>\n<li>Tener por lo menos 12 cr\u00e9ditos acumulados en ACC al inicio del programa<\/li>\n<li>Haber completado por lo menos 3 cr\u00e9ditos en ACC al durante el semestre de oto\u00f1o antes del comienzo del programa.<\/li>\n<\/ul>\n<p>Programas Internacionales conceder\u00e1n hasta 50 Beca de la Junta Directiva (BoT) en becas en la cantidad de $1,000. Aplicaciones se enviar\u00e1n por v\u00eda de Adobe Sign cuando la aplicaci\u00f3n del programa se ha recibido. Contacta Programas Internacionales en <a href=\"mailto:studyabroad@austincc.edu\">studyabroad@austincc.edu<\/a>,&nbsp;para m\u00e1s informaci\u00f3n.<\/p>\n<p><strong>Me gustar\u00eda aplicar para la Beca del Centro Tyler de Estudios Internacionales para Estudio en el Exterior, pero no estoy seguro si soy elegible. \u00bfQu\u00e9 necesito hacer?<\/strong><\/p>\n<p>Para aplicar a la beca del Centro Tyler de Estudios Internacionales, debes cumplir con los siguientes criterios:<\/p>\n<ul class=\"wp-block-list\">\n<li>Tener un GPA acumulado m\u00ednimo de 3.5 en ACC antes de la fecha l\u00edmite de la solicitud.<\/li>\n<li>Haber completado al menos 3 cr\u00e9ditos en ACC durante el semestre de oto\u00f1o previo al programa de estudios en el extranjero.<\/li>\n<li>Estar matriculado a tiempo completo (m\u00ednimo 12 cr\u00e9ditos) en el semestre de primavera y estar persiguiendo un t\u00edtulo o certificado.<\/li>\n<li>Haber completado y aprobado un m\u00ednimo de 15 horas de cr\u00e9dito universitario en ACC antes de que termine el semestre de primavera. (Los cr\u00e9ditos transferidos, de educaci\u00f3n continua, o de desarrollo sin cr\u00e9dito, no cuentan para el m\u00ednimo de 15 horas.)<\/li>\n<li>No haber sido beneficiario previo de esta beca.<\/li>\n<\/ul>\n<p>Si becado, el aplicante necesita:<\/p>\n<ul class=\"wp-block-list\">\n<li>Realizar una investigaci\u00f3n relevante para el programa de estudios en el extranjero, con el apoyo del l\u00edder docente.<\/li>\n<li>Escribir un ensayo acad\u00e9mico innovador de 15 p\u00e1ginas (a doble espacio) y enviarlo a Programas Internacionales de ACC a m\u00e1s tardar 30 d\u00edas despu\u00e9s de que termine el programa.<\/li>\n<li>Participar en una orientaci\u00f3n en l\u00ednea facilitada por el Centro Tyler para Estudios Globales.<\/li>\n<li>Escribir tres entradas de blog (se proporcionar\u00e1n los temas) para su publicaci\u00f3n por el Centro Tyler para Estudios Globales.<\/li>\n<li>Asistir a un evento de encuentro de becarios de Tyler organizado por Programas Internacionales en ACC.<\/li>\n<li>Enviar un CV que ser\u00e1 compartido con el Centro Tyler para Estudios Globales.<\/li>\n<li>Presentar tu investigaci\u00f3n en la Cumbre Virtual del Centro Tyler para Estudios Globales, si eres invitado.<\/li>\n<\/ul>\n<p>Programas Internacionales otorgan cuatro (4) Becas de Estudios en el Extranjero del Centro Tyler para Estudios Globales, por un monto de $2,500 cada una. Aplicaciones se enviar\u00e1n por v\u00eda de Adobe Sign cuando la aplicaci\u00f3n del programa se ha recibido. Contacta Programas Internacionales en <a href=\"mailto:studyabroad@austincc.edu\">studyabroad@austincc.edu<\/a>,\u00a0para m\u00e1s informaci\u00f3n.<\/p>\n<h3 class=\"wp-block-heading\">PAGO<\/h3>\n<p><strong>\u00bfQu\u00e9 pasa si no tengo el dinero suficiente para pagar el costo total del programa cuando voy a aplicar?<\/strong><\/p>\n<p>El dinero no se debe pagar al momento de presentar la aplicaci\u00f3n. Un dep\u00f3sito no reembolsable de $400 se debe pagar en los siguientes siete dias despu\u00e9s de haber recibido la notificaci\u00f3n de aceptaci\u00f3n al programa. A los aplicantes de programas de studio en el exterior se les enviar\u00e1 la notificaci\u00f3n de aceptaci\u00f3n en forma continua hasta la fecha l\u00edmite establecida.<\/p>\n<p><strong>\u00bfCu\u00e1ndo y c\u00f3mo tengo que pagar los costos del programa?<\/strong><\/p>\n<p>Despu\u00e9s de pagar $400 de dep\u00f3sito no reembolsables, puedes hacer pagos mensuales hasta la fecha l\u00edmite de pago a trav\u00e9s de <a href=\"https:\/\/secure.touchnet.com\/C20395_ustores\/web\/index.jsp\">ACC MarketPlace<\/a>. Las opciones de pago ACC MarketPlace incluyen: cheque electr\u00f3nico (cuenta corriente o cuenta de ahorro personal), tarjeta d\u00e9bito, Visa, MasterCard, Discover, y American Express.<\/p>\n<h3 class=\"wp-block-heading\">PASAJES A\u00c9REOS<\/h3>\n<p><strong>\u00bfEst\u00e1 el pasaje a\u00e9reo inclu\u00eddo en el costo del programa?<\/strong><\/p>\n<p>Las opciones de transporte a\u00e9reo para los programas de estudio en el exterior de ACC incluye:<\/p>\n<ul class=\"wp-block-list\">\n<li>Vuelos individuales (responsabilidad del estudiante);<\/li>\n<li>Vuelo mandatorio en grupo (includio en el costo del programa)<\/li>\n<\/ul>\n<p>Algunos programas tendr\u00e1n vuelos mandatorios en grupo dependiendo del pa\u00eds de destino y la preferencia del profesor que lidera el programa.&nbsp; Para los programas que no tienen vuelos mandatorios en grupo, los participantes ser\u00e1n responsables del transprote a\u00e9reo. Las opciones de transporte a\u00e9reo est\u00e1n basadas en el pa\u00eds de destino del programa, solicitud del profesor que lidera el programa y otros factores.<\/p>\n<p><strong>\u00bfQu\u00e9 es un vuelo en grupo?<\/strong><\/p>\n<p>Los estudiantes de estudio en el exterior de ACC viajar\u00e1n a y desde el pa\u00eds del programa en el mismo vuelo \u2013 \u201cthe group flight\u201d \u2013 acompa\u00f1ados por el profesor que lidera el programa.<\/p>\n<p><strong>Quiero quedarme en el exterior y viajar despu\u00e9s de que el programa finalice. \u00bfPuedo cambiar la fecha de mi boleto?<\/strong><\/p>\n<p>Si el estudiante obtuvo in vuelo individualmente, los participantes pueden agendar su vuelo de regreso en una fecha despu\u00e9s del fin del programa. Si el programa est\u00e1 utilizando un vuelo de grupo \u201cgroup flight\u201d, entoces no se prodria prolongar la estancia en el pa\u00eds del programa, el estudiante debe regresar junto con todo el grupo.<\/p>\n<p><strong>\u00bfMi pasaje a\u00e9reo es reembolsable?<\/strong><\/p>\n<p>Depende de la aerol\u00ednea, clase de boleto, y las reglas de la compan\u00eda a\u00e9rea. Los boletos no reembolsables son generalmente menos costosos que los boletos reembolsables. Se les aconseja a los estudiantes la opci\u00f3n de adquirir un seguro en caso de cancelaci\u00f3n del viaje.<\/p>\n<p><strong>Uno de m\u00eds amigos est\u00e1 tambi\u00e9n participando en el programa. \u00bfPuedes asegurarte de sentarnos juntos en el vuelo en grupo?<\/strong><\/p>\n<p>Las asignaciones de los asientos para vuelos internacionales son usualmente hechas cuando haces el registro de entrada en el aeropuerto. Algunas aerol\u00edneas pueden permitirte hacer la asignaci\u00f3n de asientos en el sitio web o puedes contactar la aerol\u00ednea directamente.<\/p>\n<h3 class=\"wp-block-heading\">ALOJAMIENTOS<\/h3>\n<p><strong>\u00bfQu\u00e9 tipo de alojamiento tendr\u00e9?<\/strong><\/p>\n<p>Los alojamientos del programa pueden incluir familias anfitrionas, apartamentos, dormitorios, hoteles, y residencias. Los cuartos pueden ser privados (para una persona) o compartidos (para dos personas o m\u00e1s). Los alojamientos var\u00edan para cada programa. Por favor consulta el paquete de informaci\u00f3n del programa para detalles del alojamiento.<\/p>\n<p><strong>\u00bfPuedo escoger mi compa\u00f1ero de cuarto?<\/strong><\/p>\n<p>La selecci\u00f3n del compa\u00f1ero de cuarto se llevar\u00e1 a cabo durante la sesi\u00f3n de informaci\u00f3n del programa de prepartida.<\/p>\n<p><strong>He estado tabajando mucho para ahorrar dinero para \u00e9ste programa y realmente quiero que sea una experiencia especial. \u00bf Puedo escoger un cuarto de hotel mejor si pago por los costos extras?<\/strong><\/p>\n<p>Los alojamientos en los programas de estudio en el exterior son organizados por Programas Internacionales y no pueden ser cambiados antes o durante la duraci\u00f3n del programa. Los participantes no pueden hacer sus propios arreglos o hacer cambios en los alojamientos. Cuartos individuales pueden ser una opci\u00f3n si los pides, pero no est\u00e1 garantizada la disponibilidad.&nbsp;<\/p>\n<h3 class=\"wp-block-heading\">NORMAS DE VIAJE INDIVIDUAL<\/h3>\n<p><strong><strong>\u00bf<\/strong>Puedo viajar por mi cuenta cuando estoy en el pa\u00eds del programa?<\/strong><\/p>\n<p>Si hay programado tiempo libre, es decir, que no hay actividades obligatorias del programa, los estudiantes pueden viajar por su cuenta, pero no fuera del pa\u00eds o a una regi\u00f3n en el pa\u00eds del programa, que obstaculice el regreso a la siguiente actividad obligatoria. Programas Internacionales desaprueba los viajes individuales durante el tiempo libre y fuertemente recomienda viajar con otro participante por razones de seguridad y protecci\u00f3n (\u201cel sistema de compa\u00f1eros\u201d). Antes de viajar, los estudiantes deben suministrar al profesor que lidera el programa sus intenciones de viajar, un n\u00famero de contacto y las fechas de llegada\/salida.<\/p>\n<p>Viaje individual que interfiera o cree un conflicto con las actividades y eventos obligatorios del programa, arreglos de transporte, o curso programado, no es permitido porque los estudiantes faltar\u00edan a actividades que son parte del requerimiento acad\u00e9mico del curso, lo cual impactar\u00eda en forma negativa en la nota de cada curso que est\u00e9n tomando. Los estudiantes deben llegar a tiempo y presentarse a todas las actividades obligatorias del programa.<\/p>\n<h3 class=\"wp-block-heading\">PASAPORTE Y VISAS<\/h3>\n<p><strong>\u00bfNecesito un pasaporte? \u00bf C\u00f3mo puedo obtener un pasaporte?<\/strong><\/p>\n<p>Todos los ciudadanos americanos deben tener un pasaporte v\u00e1lido para viaje internacional. Puedes encontrar toda la informaci\u00f3n pertinente, formularios y la oficina de pasaportes m\u00e1s cercana en <a href=\"https:\/\/www.state.gov\/\">U.S. Department of<\/a> <a href=\"https:\/\/www.state.gov\/\">State website.<\/a><\/p>\n<p><strong>\u00bfNecesito visa?<\/strong><\/p>\n<p>Los requerimientos de visa var\u00edan dependiendo del pa\u00eds de destino, tu ciudadan\u00eda, la duraci\u00f3n y las razones para quedarse. Por favor contacta a Programas Internacionales en <a href=\"mailto:studyabroad@austincc.edu\">studyabroad@austincc.edu<\/a> si tienes preguntas adicionales.<\/p>\n<h3 class=\"wp-block-heading\">SEGURO<\/h3>\n<p><strong>\u00bfNecesito seguro de salud para participar en el programa?<\/strong><\/p>\n<p>Programas Internacionales requiere y provee cobertura de seguro m\u00e9dico de viajeros para todos sus participantes de estudios en el exterior.<\/p>\n<p>El Seguro de Accidente para los estudiantes de ACC tambi\u00e9n protege a los estudiantes durante las actividades del programa. Esta cobertura es activada cuando la matr\u00edcula y otros costos son pagados. El Seguro de Accidente del Estudiante paga hasta $25,000 por lesiones ocurridas durante actividades patrocinadas por la instituci\u00f3n y relacionadas con los cursos registrados.<\/p>\n<h3 class=\"wp-block-heading\">PROGRAMAS QUE NO SON DE ACC<\/h3>\n<p><strong>Soy un estudiante de ACC pero estoy estudiando en el exterior a trav\u00e9s de otra organizaci\u00f3n. \u00bfMis cr\u00e9ditos ser\u00e1n transferidos a ACC?<\/strong><\/p>\n<p>ACC no pre-aprueba cr\u00e9ditos que no son obten\u00eddos a trav\u00e9s de estudios en el exterior de ACC. Debes tener tus transcripciones oficiales evaluadas por ACC y la transferencia de cr\u00e9ditos ser\u00e1 determinada en ese momento.<\/p>\n<p><strong>\u00bfPuedo aplicar por la beca para studios en el exterior de la Junta Directiva de ACC, si estoy participando en un programa de estudio en el exterior que no es de ACC?<\/strong><\/p>\n<p>No, la beca para estudios en el exterior de la Junta Directiva de ACC es dedicada a estudiantes que est\u00e1n tomando clases en ACC, para su participaci\u00f3n programas de estudio en el exterior liderados por la facultad de ACC. Todos los requerimientos deben de cumplirse para ser elegibles.<\/p>\n","protected":false},"excerpt":{"rendered":"<p>ELEGIBILIDAD EN EL PROGRAMA \u00bfQui\u00e9n puede ser elegido para participar en un programa de estudio en el exterior liderado por la facultad de ACC? Los programas de estudio en el exterior liderados por la facultad &hellip; <a href=\"https:\/\/students.austincc.edu\/study-abroad\/study-abroad-frequently-asked-questions-preguntas-frecuentes\/\">Continue reading <span class=\"meta-nav\">&rarr;<\/span><\/a><\/p>\n","protected":false},"author":1,"featured_media":69,"parent":0,"menu_order":0,"comment_status":"closed","ping_status":"closed","template":"","meta":{"footnotes":""},"class_list":["post-38","page","type-page","status-publish","has-post-thumbnail","hentry"],"_links":{"self":[{"href":"https:\/\/students.austincc.edu\/study-abroad\/wp-json\/wp\/v2\/pages\/38","targetHints":{"allow":["GET"]}}],"collection":[{"href":"https:\/\/students.austincc.edu\/study-abroad\/wp-json\/wp\/v2\/pages"}],"about":[{"href":"https:\/\/students.austincc.edu\/study-abroad\/wp-json\/wp\/v2\/types\/page"}],"author":[{"embeddable":true,"href":"https:\/\/students.austincc.edu\/study-abroad\/wp-json\/wp\/v2\/users\/1"}],"replies":[{"embeddable":true,"href":"https:\/\/students.austincc.edu\/study-abroad\/wp-json\/wp\/v2\/comments?post=38"}],"version-history":[{"count":0,"href":"https:\/\/students.austincc.edu\/study-abroad\/wp-json\/wp\/v2\/pages\/38\/revisions"}],"wp:featuredmedia":[{"embeddable":true,"href":"https:\/\/students.austincc.edu\/study-abroad\/wp-json\/wp\/v2\/media\/69"}],"wp:attachment":[{"href":"https:\/\/students.austincc.edu\/study-abroad\/wp-json\/wp\/v2\/media?parent=38"}],"curies":[{"name":"wp","href":"https:\/\/api.w.org\/{rel}","templated":true}]}}